{"id":727,"date":"2024-05-06T09:24:19","date_gmt":"2024-05-06T09:24:19","guid":{"rendered":"https:\/\/impact-t2d.es\/pacientes\/"},"modified":"2025-01-10T09:16:51","modified_gmt":"2025-01-10T09:16:51","slug":"pacientes","status":"publish","type":"page","link":"https:\/\/impact-t2d.es\/ca\/pacientes\/","title":{"rendered":"Pacients"},"content":{"rendered":"\n<p><\/p>\n\n\n\n<h2 class=\"wp-block-heading\">Qui pot participar?<\/h2>\n\n\n\n<p class=\"has-medium-font-size\">Tens diabetis tipus 2?<\/p>\n\n\n\n<p>Et van diagnosticar abans dels 60 anys?<\/p>\n\n\n\n<p class=\"has-medium-font-size\">I no tenies sobrep\u00e8s ni obesitat?<\/p>\n\n\n\n<p><\/p>\n\n\n\n<p class=\"has-text-align-center has-medium-font-size\"><strong><mark style=\"background-color:rgba(0, 0, 0, 0)\" class=\"has-inline-color has-black-color\">Si la teva resposta \u00e9s S\u00cd, t\u2019estem buscant!<\/mark><\/strong><\/p>\n\n\n\n<div class=\"wp-block-columns is-layout-flex wp-container-core-columns-is-layout-1 wp-block-columns-is-layout-flex\">\n<div class=\"wp-block-column is-layout-flow wp-block-column-is-layout-flow\"><\/div>\n<\/div>\n\n\n\n<h2 class=\"wp-block-heading\"><strong>Qu\u00e8 implica participar a IMPaCT T2D?<\/strong><\/h2>\n\n\n\n<p class=\"has-medium-font-size\">Participa en el nostre estudi IMPaCT T2D per col\u00b7laborar en el diagn\u00f2stic i tractament de la diabetis, millorant la qualitat de vida de les persones que la pateixen.<\/p>\n\n\n\n<p>Si acceptes participar, es concertar\u00e0 una visita per fer un q\u00fcestionari sobre el teu estil de vida, dades cl\u00edniques i demogr\u00e0fiques, a m\u00e9s de la recollida de mostres de sang i orina, una exploraci\u00f3 f\u00edsica i diverses mesures.<\/p>\n\n\n\n<p class=\"has-medium-font-size\"><strong>Atenci\u00f3!<\/strong> La teva participaci\u00f3 \u00e9s completament volunt\u00e0ria, altruista i no t\u00e9 cap tipus de retribuci\u00f3 econ\u00f2mica. Podr\u00e0s retirar-te en qualsevol moment sense donar explicacions.<\/p>\n\n\n\n<h2 class=\"wp-block-heading has-text-align-center has-large-font-size\">TROBA EL TEU CENTRE DE RECLUTAMENT!<\/h2>\n\n\n<div class=\"wp-block-image\">\n<figure class=\"aligncenter size-full\"><img loading=\"lazy\" decoding=\"async\" width=\"1018\" height=\"440\" src=\"https:\/\/impact-t2d.es\/wp-content\/uploads\/2024\/05\/saf_crg_a_comfortable_waiting_room_hospital_with_natural_light__8f9da3f3-1ada-456b-a14c-18c2f0984d7b-edited-e1716461510543.png\" alt=\"\" class=\"wp-image-464\" srcset=\"https:\/\/impact-t2d.es\/wp-content\/uploads\/2024\/05\/saf_crg_a_comfortable_waiting_room_hospital_with_natural_light__8f9da3f3-1ada-456b-a14c-18c2f0984d7b-edited-e1716461510543.png 1018w, https:\/\/impact-t2d.es\/wp-content\/uploads\/2024\/05\/saf_crg_a_comfortable_waiting_room_hospital_with_natural_light__8f9da3f3-1ada-456b-a14c-18c2f0984d7b-edited-e1716461510543-300x130.png 300w, https:\/\/impact-t2d.es\/wp-content\/uploads\/2024\/05\/saf_crg_a_comfortable_waiting_room_hospital_with_natural_light__8f9da3f3-1ada-456b-a14c-18c2f0984d7b-edited-e1716461510543-768x332.png 768w\" sizes=\"auto, (max-width: 1018px) 100vw, 1018px\" \/><\/figure><\/div>\n\n\n<p><strong>Pa\u00eds Basc<\/strong><br>Centre: Hospital Universitario Cruces (Bilbao)<br>Correu electr\u00f2nic: <a>ec.diabetes@bio-bizkaia.eus<\/a><br>Tel\u00e8fon: 946006473<\/p>\n\n\n\n<p><strong>Catalunya<\/strong><br>Centre: Hospital Cl\u00ednic de Barcelona (Barcelona)<br>Correu electr\u00f2nic: <a>endotrials@clinic.cat<\/a><br>Tel\u00e8fon: 606 635 579<\/p>\n\n\n\n<p>Centre: Hospital de la Santa Creu i Sant Pau (Barcelona)<br>Correu electr\u00f2nic: <a>aboluda@santpau.cat<\/a><br>Tel\u00e8fon: 673260210<\/p>\n\n\n\n<p>Centre: Hospital Universitari Arnau de Vilanova (Lleida)<br>Correu electr\u00f2nic: <a>mhernandezg.lleida.ics@gencat.cat<\/a><br>Tel\u00e8fon: 973705183 (de 9 a 11 h)<\/p>\n\n\n\n<p><strong>Illes Can\u00e0ries<\/strong><br>Centre: Complejo Hospitalario Universitario Insular de Gran Canaria (Las Palmas de Gran Canaria)<br>Correu electr\u00f2nic: <a>ymgil@fciisc.es<\/a><br>Tel\u00e8fon: 928 453431<\/p>\n\n\n\n<p><strong>Andalusia<\/strong><br>Centre: Hospital Civil (Hospital Regional Universitario de M\u00e1laga (M\u00e0laga)<br>Correu electr\u00f2nic: <a>impactmalaga1@gmail.com<\/a><br>Tel\u00e8fon: 606 635 579<\/p>\n\n\n\n<p class=\"has-medium-font-size\"><strong>Comunitat Valenciana<\/strong><br>Centre: Hospital Cl\u00ednic de la Comunitat Valenciana (Val\u00e8ncia)<br>Correu electr\u00f2nic: <a>felipe.chaves@uv.es<\/a><\/p>\n\n\n\n<p class=\"has-medium-font-size\"><\/p>\n\n\n\n<div class=\"wp-block-columns is-layout-flex wp-container-core-columns-is-layout-2 wp-block-columns-is-layout-flex\">\n<div class=\"wp-block-column is-layout-flow wp-block-column-is-layout-flow\"><\/div>\n<\/div>\n","protected":false},"excerpt":{"rendered":"<p>Qui pot participar? Tens diabetis tipus 2? Et van diagnosticar abans dels 60 anys? I no tenies sobrep\u00e8s ni obesitat? Si la teva resposta \u00e9s S\u00cd, t\u2019estem buscant! Qu\u00e8 implica participar a IMPaCT T2D? Participa en el nostre estudi IMPaCT T2D per col\u00b7laborar en el diagn\u00f2stic i tractament de la diabetis, millorant la qualitat de [&hellip;]<\/p>\n","protected":false},"author":2,"featured_media":0,"parent":0,"menu_order":0,"comment_status":"closed","ping_status":"closed","template":"","meta":{"_acf_changed":false,"_monsterinsights_skip_tracking":false,"_monsterinsights_sitenote_active":false,"_monsterinsights_sitenote_note":"","_monsterinsights_sitenote_category":0,"footnotes":""},"class_list":["post-727","page","type-page","status-publish","hentry"],"acf":[],"yoast_head":"<!-- This site is optimized with the Yoast SEO plugin v24.3 - https:\/\/yoast.com\/wordpress\/plugins\/seo\/ -->\n<title>Pacients - Impact T2D<\/title>\n<meta name=\"robots\" content=\"index, follow, max-snippet:-1, max-image-preview:large, max-video-preview:-1\" \/>\n<link rel=\"canonical\" href=\"https:\/\/impact-t2d.es\/ca\/pacientes\/\" \/>\n<meta property=\"og:locale\" content=\"ca_ES\" \/>\n<meta property=\"og:type\" content=\"article\" \/>\n<meta property=\"og:title\" content=\"Pacients - Impact T2D\" \/>\n<meta property=\"og:description\" content=\"Qui pot participar? Tens diabetis tipus 2? Et van diagnosticar abans dels 60 anys? I no tenies sobrep\u00e8s ni obesitat? Si la teva resposta \u00e9s S\u00cd, t\u2019estem buscant! Qu\u00e8 implica participar a IMPaCT T2D? Participa en el nostre estudi IMPaCT T2D per col\u00b7laborar en el diagn\u00f2stic i tractament de la diabetis, millorant la qualitat de [&hellip;]\" \/>\n<meta property=\"og:url\" content=\"https:\/\/impact-t2d.es\/ca\/pacientes\/\" \/>\n<meta property=\"og:site_name\" content=\"Impact T2D\" \/>\n<meta property=\"article:modified_time\" content=\"2025-01-10T09:16:51+00:00\" \/>\n<meta property=\"og:image\" content=\"https:\/\/impact-t2d.es\/wp-content\/uploads\/2024\/05\/saf_crg_a_comfortable_waiting_room_hospital_with_natural_light__8f9da3f3-1ada-456b-a14c-18c2f0984d7b-edited-e1716461510543.png\" \/>\n\t<meta property=\"og:image:width\" content=\"1018\" \/>\n\t<meta property=\"og:image:height\" content=\"440\" \/>\n\t<meta property=\"og:image:type\" content=\"image\/png\" \/>\n<meta name=\"twitter:card\" content=\"summary_large_image\" \/>\n<meta name=\"twitter:label1\" content=\"Temps estimat de lectura\" \/>\n\t<meta name=\"twitter:data1\" content=\"2 minuts\" \/>\n<script type=\"application\/ld+json\" class=\"yoast-schema-graph\">{\"@context\":\"https:\/\/schema.org\",\"@graph\":[{\"@type\":\"WebPage\",\"@id\":\"https:\/\/impact-t2d.es\/ca\/pacientes\/\",\"url\":\"https:\/\/impact-t2d.es\/ca\/pacientes\/\",\"name\":\"Pacients - Impact T2D\",\"isPartOf\":{\"@id\":\"https:\/\/impact-t2d.es\/#website\"},\"primaryImageOfPage\":{\"@id\":\"https:\/\/impact-t2d.es\/ca\/pacientes\/#primaryimage\"},\"image\":{\"@id\":\"https:\/\/impact-t2d.es\/ca\/pacientes\/#primaryimage\"},\"thumbnailUrl\":\"https:\/\/impact-t2d.es\/wp-content\/uploads\/2024\/05\/saf_crg_a_comfortable_waiting_room_hospital_with_natural_light__8f9da3f3-1ada-456b-a14c-18c2f0984d7b-edited-e1716461510543.png\",\"datePublished\":\"2024-05-06T09:24:19+00:00\",\"dateModified\":\"2025-01-10T09:16:51+00:00\",\"breadcrumb\":{\"@id\":\"https:\/\/impact-t2d.es\/ca\/pacientes\/#breadcrumb\"},\"inLanguage\":\"ca\",\"potentialAction\":[{\"@type\":\"ReadAction\",\"target\":[\"https:\/\/impact-t2d.es\/ca\/pacientes\/\"]}]},{\"@type\":\"ImageObject\",\"inLanguage\":\"ca\",\"@id\":\"https:\/\/impact-t2d.es\/ca\/pacientes\/#primaryimage\",\"url\":\"https:\/\/impact-t2d.es\/wp-content\/uploads\/2024\/05\/saf_crg_a_comfortable_waiting_room_hospital_with_natural_light__8f9da3f3-1ada-456b-a14c-18c2f0984d7b-edited-e1716461510543.png\",\"contentUrl\":\"https:\/\/impact-t2d.es\/wp-content\/uploads\/2024\/05\/saf_crg_a_comfortable_waiting_room_hospital_with_natural_light__8f9da3f3-1ada-456b-a14c-18c2f0984d7b-edited-e1716461510543.png\"},{\"@type\":\"BreadcrumbList\",\"@id\":\"https:\/\/impact-t2d.es\/ca\/pacientes\/#breadcrumb\",\"itemListElement\":[{\"@type\":\"ListItem\",\"position\":1,\"name\":\"Home\",\"item\":\"https:\/\/impact-t2d.es\/ca\/\"},{\"@type\":\"ListItem\",\"position\":2,\"name\":\"Pacients\"}]},{\"@type\":\"WebSite\",\"@id\":\"https:\/\/impact-t2d.es\/#website\",\"url\":\"https:\/\/impact-t2d.es\/\",\"name\":\"Impact T2D\",\"description\":\"\",\"potentialAction\":[{\"@type\":\"SearchAction\",\"target\":{\"@type\":\"EntryPoint\",\"urlTemplate\":\"https:\/\/impact-t2d.es\/?s={search_term_string}\"},\"query-input\":{\"@type\":\"PropertyValueSpecification\",\"valueRequired\":true,\"valueName\":\"search_term_string\"}}],\"inLanguage\":\"ca\"}]}<\/script>\n<!-- \/ Yoast SEO plugin. -->","yoast_head_json":{"title":"Pacients - Impact T2D","robots":{"index":"index","follow":"follow","max-snippet":"max-snippet:-1","max-image-preview":"max-image-preview:large","max-video-preview":"max-video-preview:-1"},"canonical":"https:\/\/impact-t2d.es\/ca\/pacientes\/","og_locale":"ca_ES","og_type":"article","og_title":"Pacients - Impact T2D","og_description":"Qui pot participar? Tens diabetis tipus 2? Et van diagnosticar abans dels 60 anys? I no tenies sobrep\u00e8s ni obesitat? Si la teva resposta \u00e9s S\u00cd, t\u2019estem buscant! Qu\u00e8 implica participar a IMPaCT T2D? Participa en el nostre estudi IMPaCT T2D per col\u00b7laborar en el diagn\u00f2stic i tractament de la diabetis, millorant la qualitat de [&hellip;]","og_url":"https:\/\/impact-t2d.es\/ca\/pacientes\/","og_site_name":"Impact T2D","article_modified_time":"2025-01-10T09:16:51+00:00","og_image":[{"width":1018,"height":440,"url":"https:\/\/impact-t2d.es\/wp-content\/uploads\/2024\/05\/saf_crg_a_comfortable_waiting_room_hospital_with_natural_light__8f9da3f3-1ada-456b-a14c-18c2f0984d7b-edited-e1716461510543.png","type":"image\/png"}],"twitter_card":"summary_large_image","twitter_misc":{"Temps estimat de lectura":"2 minuts"},"schema":{"@context":"https:\/\/schema.org","@graph":[{"@type":"WebPage","@id":"https:\/\/impact-t2d.es\/ca\/pacientes\/","url":"https:\/\/impact-t2d.es\/ca\/pacientes\/","name":"Pacients - Impact T2D","isPartOf":{"@id":"https:\/\/impact-t2d.es\/#website"},"primaryImageOfPage":{"@id":"https:\/\/impact-t2d.es\/ca\/pacientes\/#primaryimage"},"image":{"@id":"https:\/\/impact-t2d.es\/ca\/pacientes\/#primaryimage"},"thumbnailUrl":"https:\/\/impact-t2d.es\/wp-content\/uploads\/2024\/05\/saf_crg_a_comfortable_waiting_room_hospital_with_natural_light__8f9da3f3-1ada-456b-a14c-18c2f0984d7b-edited-e1716461510543.png","datePublished":"2024-05-06T09:24:19+00:00","dateModified":"2025-01-10T09:16:51+00:00","breadcrumb":{"@id":"https:\/\/impact-t2d.es\/ca\/pacientes\/#breadcrumb"},"inLanguage":"ca","potentialAction":[{"@type":"ReadAction","target":["https:\/\/impact-t2d.es\/ca\/pacientes\/"]}]},{"@type":"ImageObject","inLanguage":"ca","@id":"https:\/\/impact-t2d.es\/ca\/pacientes\/#primaryimage","url":"https:\/\/impact-t2d.es\/wp-content\/uploads\/2024\/05\/saf_crg_a_comfortable_waiting_room_hospital_with_natural_light__8f9da3f3-1ada-456b-a14c-18c2f0984d7b-edited-e1716461510543.png","contentUrl":"https:\/\/impact-t2d.es\/wp-content\/uploads\/2024\/05\/saf_crg_a_comfortable_waiting_room_hospital_with_natural_light__8f9da3f3-1ada-456b-a14c-18c2f0984d7b-edited-e1716461510543.png"},{"@type":"BreadcrumbList","@id":"https:\/\/impact-t2d.es\/ca\/pacientes\/#breadcrumb","itemListElement":[{"@type":"ListItem","position":1,"name":"Home","item":"https:\/\/impact-t2d.es\/ca\/"},{"@type":"ListItem","position":2,"name":"Pacients"}]},{"@type":"WebSite","@id":"https:\/\/impact-t2d.es\/#website","url":"https:\/\/impact-t2d.es\/","name":"Impact T2D","description":"","potentialAction":[{"@type":"SearchAction","target":{"@type":"EntryPoint","urlTemplate":"https:\/\/impact-t2d.es\/?s={search_term_string}"},"query-input":{"@type":"PropertyValueSpecification","valueRequired":true,"valueName":"search_term_string"}}],"inLanguage":"ca"}]}},"_links":{"self":[{"href":"https:\/\/impact-t2d.es\/ca\/wp-json\/wp\/v2\/pages\/727","targetHints":{"allow":["GET"]}}],"collection":[{"href":"https:\/\/impact-t2d.es\/ca\/wp-json\/wp\/v2\/pages"}],"about":[{"href":"https:\/\/impact-t2d.es\/ca\/wp-json\/wp\/v2\/types\/page"}],"author":[{"embeddable":true,"href":"https:\/\/impact-t2d.es\/ca\/wp-json\/wp\/v2\/users\/2"}],"replies":[{"embeddable":true,"href":"https:\/\/impact-t2d.es\/ca\/wp-json\/wp\/v2\/comments?post=727"}],"version-history":[{"count":0,"href":"https:\/\/impact-t2d.es\/ca\/wp-json\/wp\/v2\/pages\/727\/revisions"}],"wp:attachment":[{"href":"https:\/\/impact-t2d.es\/ca\/wp-json\/wp\/v2\/media?parent=727"}],"curies":[{"name":"wp","href":"https:\/\/api.w.org\/{rel}","templated":true}]}}