{"id":730,"date":"2022-08-05T01:18:30","date_gmt":"2022-08-05T01:18:30","guid":{"rendered":"https:\/\/impact-t2d.es\/legal-information\/"},"modified":"2025-01-10T09:20:47","modified_gmt":"2025-01-10T09:20:47","slug":"legal-information","status":"publish","type":"page","link":"https:\/\/impact-t2d.es\/ca\/legal-information\/","title":{"rendered":"Informaci\u00f3 legal"},"content":{"rendered":"\n<h2 class=\"wp-block-heading\">Termes i condicions d\u2019\u00fas<\/h2>\n\n\n\n<p>En accedir a aquest lloc web, acceptes com a usuari\/a els termes i condicions d\u2019\u00fas que s\u2019estableixen en totes les seves notes legals i pol\u00edtiques, incloent la protecci\u00f3 de dades, la propietat intel\u00b7lectual, les mesures de seguretat i la jurisdicci\u00f3 aplicable. Per tant, accedeixes a aquest lloc sota el teu propi risc i ets responsable d\u2019aplicar les mesures adequades per evitar aquests riscos.<\/p>\n\n\n\n<p>Es prohibeixen estrictament els enlla\u00e7os a p\u00e0gines amb continguts il\u00b7legals o difamatoris, o aquells que ofereixin informaci\u00f3 falsa o perjudicial per al CRG o les seves organitzacions associades.<\/p>\n\n\n\n<p>El CRG revisa i actualitza la informaci\u00f3 continguda en aquest lloc, per\u00f2 no garanteix que sigui exacta. Per aix\u00f2, no assumeix cap responsabilitat pels danys o perjudicis que puguin sorgir de decisions preses basant-se en la informaci\u00f3 extreta del contingut publicat en aquest lloc web.<\/p>\n\n\n\n<h2 class=\"wp-block-heading\"><strong>Protecci\u00f3 de dades personals<\/strong><\/h2>\n\n\n\n<p>Les dades personals recollides seran tractades per la Fundaci\u00f3 Centre de Regulaci\u00f3 Gen\u00f2mica (\u00abCRG\u00bb), amb les dades de contacte seg\u00fcents:<\/p>\n\n\n\n<p>Nom: Fundaci\u00f3 Centre de Regulaci\u00f3 Gen\u00f2mica<br>Adre\u00e7a: Carrer Doctor Aiguader 88, 5a planta, 08003 \u2013 Barcelona<br>Tel\u00e8fon: 933160100<br>Correu electr\u00f2nic: <a>comunicacio@crg.eu<\/a><br>Delegat de Protecci\u00f3 de Dades: Yann Dublanche \/ <a>dpo@crg.eu<\/a><\/p>\n\n\n\n<p>La legislaci\u00f3 aplicable en mat\u00e8ria de protecci\u00f3 de dades imposa diverses obligacions i tamb\u00e9 estableix els drets de les persones respecte a la protecci\u00f3 de dades personals. Per entendre b\u00e9 i, si escau, exercir qualsevol dels drets, com a usuari\/a d\u2019aquest lloc web has de llegir atentament aquest av\u00eds i les altres notes legals que hi figuren.<\/p>\n\n\n\n<p>El CRG es reserva el dret de modificar aquest av\u00eds per adaptar-lo a canvis legislatius, jurisprudencials o a les pr\u00e0ctiques i desenvolupaments del sector. En ambd\u00f3s casos, es donar\u00e0 previ av\u00eds en aquest lloc sobre qualsevol canvi en la pol\u00edtica de protecci\u00f3 de dades i la seva data d\u2019aplicaci\u00f3.<\/p>\n\n\n\n<p>Les dades personals es defineixen com qualsevol informaci\u00f3 sobre persones identificades o identificables.<\/p>\n\n\n\n<p>El CRG nom\u00e9s tindr\u00e0 acc\u00e9s a les dades personals que els usuaris proporcionin i dels quals hagin estat degudament informats. Tots els usuaris han de ser conscients que han de proporcionar certa informaci\u00f3 perqu\u00e8 el CRG pugui oferir el servei sol\u00b7licitat o dur a terme les seves activitats principals o subsidi\u00e0ries.<\/p>\n\n\n\n<p>Com a usuari\/a, garanteixes que les dades personals proporcionades al CRG s\u00f3n exactes i et compromets a informar l\u2019entitat de qualsevol canvi.<\/p>\n\n\n\n<p>La recollida i tractament de dades personals t\u00e9 com a objectiu mantenir la relaci\u00f3 establerta per a la gesti\u00f3, administraci\u00f3, ampliaci\u00f3 i millora dels serveis i\/o activitats a les quals decideixis accedir, i, si ho acceptes, per a l\u2019enviament d\u2019informaci\u00f3 sobre els serveis i activitats del CRG. Per tant, la base legal del tractament \u00e9s la prestaci\u00f3 del servei o activitat d\u2019inter\u00e8s, i, pel que fa a cookies i comunicacions comercials, el teu consentiment.<\/p>\n\n\n\n<p>Les dades es conservaran nom\u00e9s durant el temps necessari, \u00fatil i rellevant. Finalitzada la relaci\u00f3, es conservaran \u00fanicament per complir amb les obligacions legals aplicables (deu anys per a la informaci\u00f3 vinculada al compte d\u2019usuari i tres anys per a comunicacions comercials).<\/p>\n\n\n\n<p>Es poden exercir els drets d\u2019acc\u00e9s, rectificaci\u00f3, supressi\u00f3, limitaci\u00f3 del tractament, oposici\u00f3 o portabilitat dirigint una comunicaci\u00f3 a l\u2019adre\u00e7a indicada anteriorment o per via electr\u00f2nica a <a>dpo@crg.eu<\/a>. Tamb\u00e9 tens dret a presentar una reclamaci\u00f3 davant l\u2019Ag\u00e8ncia Espanyola de Protecci\u00f3 de Dades.<\/p>\n\n\n\n<h2 class=\"wp-block-heading\">Seguretat a Internet<\/h2>\n\n\n\n<p>El CRG utilitza sistemes de seguretat que, mitjan\u00e7ant sistemes de certificaci\u00f3 i xifratge, permeten verificar l\u2019autenticitat del lloc web de la fundaci\u00f3 des del qual es recullen dades personals, aix\u00ed com la integritat i confidencialitat de les teves dades personals durant la seva transmissi\u00f3.<\/p>\n\n\n\n<p>No obstant aix\u00f2, com a usuari\/a, has de ser conscient que les mesures de seguretat a Internet no s\u00f3n invulnerables. Per tant, mitjan\u00e7ant aquest document se\u2019t notifica i adverteix que aquestes mesures basades en Internet no s\u00f3n infal\u00b7libles i que, en conseq\u00fc\u00e8ncia, el CRG no assumeix cap responsabilitat pels procediments en els quals no s\u2019adopti el nivell adequat de seguretat ni la deguda dilig\u00e8ncia, ni per les conseq\u00fc\u00e8ncies d\u2019aquests. Davant d\u2019aquesta situaci\u00f3, recomanem que tots els usuaris exerceixin la m\u00e0xima dilig\u00e8ncia en aquest sentit i que utilitzin tots els mecanismes de seguretat al seu abast.<\/p>\n","protected":false},"excerpt":{"rendered":"<p>Termes i condicions d\u2019\u00fas En accedir a aquest lloc web, acceptes com a usuari\/a els termes i condicions d\u2019\u00fas que s\u2019estableixen en totes les seves notes legals i pol\u00edtiques, incloent la protecci\u00f3 de dades, la propietat intel\u00b7lectual, les mesures de seguretat i la jurisdicci\u00f3 aplicable. Per tant, accedeixes a aquest lloc sota el teu propi [&hellip;]<\/p>\n","protected":false},"author":2,"featured_media":0,"parent":0,"menu_order":0,"comment_status":"closed","ping_status":"closed","template":"","meta":{"_acf_changed":false,"_monsterinsights_skip_tracking":false,"_monsterinsights_sitenote_active":false,"_monsterinsights_sitenote_note":"","_monsterinsights_sitenote_category":0,"footnotes":""},"class_list":["post-730","page","type-page","status-publish","hentry"],"acf":[],"yoast_head":"<!-- This site is optimized with the Yoast SEO plugin v24.3 - https:\/\/yoast.com\/wordpress\/plugins\/seo\/ -->\n<title>Informaci\u00f3 legal - Impact T2D<\/title>\n<meta name=\"robots\" content=\"index, follow, max-snippet:-1, max-image-preview:large, max-video-preview:-1\" \/>\n<link rel=\"canonical\" href=\"https:\/\/impact-t2d.es\/ca\/legal-information\/\" \/>\n<meta property=\"og:locale\" content=\"ca_ES\" \/>\n<meta property=\"og:type\" content=\"article\" \/>\n<meta property=\"og:title\" content=\"Informaci\u00f3 legal - Impact T2D\" \/>\n<meta property=\"og:description\" content=\"Termes i condicions d\u2019\u00fas En accedir a aquest lloc web, acceptes com a usuari\/a els termes i condicions d\u2019\u00fas que s\u2019estableixen en totes les seves notes legals i pol\u00edtiques, incloent la protecci\u00f3 de dades, la propietat intel\u00b7lectual, les mesures de seguretat i la jurisdicci\u00f3 aplicable. Per tant, accedeixes a aquest lloc sota el teu propi [&hellip;]\" \/>\n<meta property=\"og:url\" content=\"https:\/\/impact-t2d.es\/ca\/legal-information\/\" \/>\n<meta property=\"og:site_name\" content=\"Impact T2D\" \/>\n<meta property=\"article:modified_time\" content=\"2025-01-10T09:20:47+00:00\" \/>\n<meta name=\"twitter:card\" content=\"summary_large_image\" \/>\n<meta name=\"twitter:label1\" content=\"Temps estimat de lectura\" \/>\n\t<meta name=\"twitter:data1\" content=\"4 minuts\" \/>\n<script type=\"application\/ld+json\" class=\"yoast-schema-graph\">{\"@context\":\"https:\/\/schema.org\",\"@graph\":[{\"@type\":\"WebPage\",\"@id\":\"https:\/\/impact-t2d.es\/ca\/legal-information\/\",\"url\":\"https:\/\/impact-t2d.es\/ca\/legal-information\/\",\"name\":\"Informaci\u00f3 legal - Impact T2D\",\"isPartOf\":{\"@id\":\"https:\/\/impact-t2d.es\/#website\"},\"datePublished\":\"2022-08-05T01:18:30+00:00\",\"dateModified\":\"2025-01-10T09:20:47+00:00\",\"breadcrumb\":{\"@id\":\"https:\/\/impact-t2d.es\/ca\/legal-information\/#breadcrumb\"},\"inLanguage\":\"ca\",\"potentialAction\":[{\"@type\":\"ReadAction\",\"target\":[\"https:\/\/impact-t2d.es\/ca\/legal-information\/\"]}]},{\"@type\":\"BreadcrumbList\",\"@id\":\"https:\/\/impact-t2d.es\/ca\/legal-information\/#breadcrumb\",\"itemListElement\":[{\"@type\":\"ListItem\",\"position\":1,\"name\":\"Home\",\"item\":\"https:\/\/impact-t2d.es\/ca\/\"},{\"@type\":\"ListItem\",\"position\":2,\"name\":\"Informaci\u00f3 legal\"}]},{\"@type\":\"WebSite\",\"@id\":\"https:\/\/impact-t2d.es\/#website\",\"url\":\"https:\/\/impact-t2d.es\/\",\"name\":\"Impact T2D\",\"description\":\"\",\"potentialAction\":[{\"@type\":\"SearchAction\",\"target\":{\"@type\":\"EntryPoint\",\"urlTemplate\":\"https:\/\/impact-t2d.es\/?s={search_term_string}\"},\"query-input\":{\"@type\":\"PropertyValueSpecification\",\"valueRequired\":true,\"valueName\":\"search_term_string\"}}],\"inLanguage\":\"ca\"}]}<\/script>\n<!-- \/ Yoast SEO plugin. -->","yoast_head_json":{"title":"Informaci\u00f3 legal - Impact T2D","robots":{"index":"index","follow":"follow","max-snippet":"max-snippet:-1","max-image-preview":"max-image-preview:large","max-video-preview":"max-video-preview:-1"},"canonical":"https:\/\/impact-t2d.es\/ca\/legal-information\/","og_locale":"ca_ES","og_type":"article","og_title":"Informaci\u00f3 legal - Impact T2D","og_description":"Termes i condicions d\u2019\u00fas En accedir a aquest lloc web, acceptes com a usuari\/a els termes i condicions d\u2019\u00fas que s\u2019estableixen en totes les seves notes legals i pol\u00edtiques, incloent la protecci\u00f3 de dades, la propietat intel\u00b7lectual, les mesures de seguretat i la jurisdicci\u00f3 aplicable. Per tant, accedeixes a aquest lloc sota el teu propi [&hellip;]","og_url":"https:\/\/impact-t2d.es\/ca\/legal-information\/","og_site_name":"Impact T2D","article_modified_time":"2025-01-10T09:20:47+00:00","twitter_card":"summary_large_image","twitter_misc":{"Temps estimat de lectura":"4 minuts"},"schema":{"@context":"https:\/\/schema.org","@graph":[{"@type":"WebPage","@id":"https:\/\/impact-t2d.es\/ca\/legal-information\/","url":"https:\/\/impact-t2d.es\/ca\/legal-information\/","name":"Informaci\u00f3 legal - Impact T2D","isPartOf":{"@id":"https:\/\/impact-t2d.es\/#website"},"datePublished":"2022-08-05T01:18:30+00:00","dateModified":"2025-01-10T09:20:47+00:00","breadcrumb":{"@id":"https:\/\/impact-t2d.es\/ca\/legal-information\/#breadcrumb"},"inLanguage":"ca","potentialAction":[{"@type":"ReadAction","target":["https:\/\/impact-t2d.es\/ca\/legal-information\/"]}]},{"@type":"BreadcrumbList","@id":"https:\/\/impact-t2d.es\/ca\/legal-information\/#breadcrumb","itemListElement":[{"@type":"ListItem","position":1,"name":"Home","item":"https:\/\/impact-t2d.es\/ca\/"},{"@type":"ListItem","position":2,"name":"Informaci\u00f3 legal"}]},{"@type":"WebSite","@id":"https:\/\/impact-t2d.es\/#website","url":"https:\/\/impact-t2d.es\/","name":"Impact T2D","description":"","potentialAction":[{"@type":"SearchAction","target":{"@type":"EntryPoint","urlTemplate":"https:\/\/impact-t2d.es\/?s={search_term_string}"},"query-input":{"@type":"PropertyValueSpecification","valueRequired":true,"valueName":"search_term_string"}}],"inLanguage":"ca"}]}},"_links":{"self":[{"href":"https:\/\/impact-t2d.es\/ca\/wp-json\/wp\/v2\/pages\/730","targetHints":{"allow":["GET"]}}],"collection":[{"href":"https:\/\/impact-t2d.es\/ca\/wp-json\/wp\/v2\/pages"}],"about":[{"href":"https:\/\/impact-t2d.es\/ca\/wp-json\/wp\/v2\/types\/page"}],"author":[{"embeddable":true,"href":"https:\/\/impact-t2d.es\/ca\/wp-json\/wp\/v2\/users\/2"}],"replies":[{"embeddable":true,"href":"https:\/\/impact-t2d.es\/ca\/wp-json\/wp\/v2\/comments?post=730"}],"version-history":[{"count":0,"href":"https:\/\/impact-t2d.es\/ca\/wp-json\/wp\/v2\/pages\/730\/revisions"}],"wp:attachment":[{"href":"https:\/\/impact-t2d.es\/ca\/wp-json\/wp\/v2\/media?parent=730"}],"curies":[{"name":"wp","href":"https:\/\/api.w.org\/{rel}","templated":true}]}}