{"id":11,"date":"2022-07-17T03:56:25","date_gmt":"2022-07-17T03:56:25","guid":{"rendered":"https:\/\/impact-t2d.es\/?page_id=11"},"modified":"2024-05-02T14:12:53","modified_gmt":"2024-05-02T14:12:53","slug":"contacto","status":"publish","type":"page","link":"https:\/\/impact-t2d.es\/es\/contacto\/","title":{"rendered":"Contacto"},"content":{"rendered":"\n<div class=\"wp-block-columns is-layout-flex wp-container-core-columns-is-layout-1 wp-block-columns-is-layout-flex\">\n<div class=\"wp-block-column is-layout-flow wp-block-column-is-layout-flow\"><\/div>\n<\/div>\n\n\n\n<p>Bilbao:<br>Hospital Universitario Cruces\/Biobizkaia<br>Saida Huerga &#8211; ec.diabetes@bio-bizkaia.eus (946006473)<\/p>\n\n\n\n<p>Catalu\u00f1a:<br>Hospital Cl\u00ednic de Barcelona<br>Dr. Jes\u00fas Blanco &#8211; endotrials@clinic.cat<\/p>\n\n\n\n<p>Hospital de Sant Pau<br>Alex Boluda &#8211; aboluda@santpau.cat (673260210)<\/p>\n\n\n\n<p>Islas Canarias<br>Complejo Hospitalario Universitario Insular Materno-Infantil<br>Yaiza Gil &#8211; ymgil@fciisc.es (928 453431)<\/p>\n\n\n\n<p>M\u00e1laga<br>Hospital Regional Universitario de M\u00e1laga<br>Mar\u00eda Fontalba &#8211; impactmalaga1@gmail.com (606 635 579)<\/p>\n\n\n\n<p>Valencia<br>Hospital Cl\u00ednico de la Comunidad Valenciana<br>Dr. Felipe J. Chaves &#8211; felipe.chaves@uv.es<\/p>\n","protected":false},"excerpt":{"rendered":"<p>Bilbao:Hospital Universitario Cruces\/BiobizkaiaSaida Huerga &#8211; ec.diabetes@bio-bizkaia.eus (946006473) Catalu\u00f1a:Hospital Cl\u00ednic de BarcelonaDr. Jes\u00fas Blanco &#8211; endotrials@clinic.cat Hospital de Sant PauAlex Boluda &#8211; aboluda@santpau.cat (673260210) Islas CanariasComplejo Hospitalario Universitario Insular Materno-InfantilYaiza Gil &#8211; ymgil@fciisc.es (928 453431) M\u00e1lagaHospital Regional Universitario de M\u00e1lagaMar\u00eda Fontalba &#8211; impactmalaga1@gmail.com (606 635 579) ValenciaHospital Cl\u00ednico de la Comunidad ValencianaDr. Felipe J. Chaves &#8211; [&hellip;]<\/p>\n","protected":false},"author":2,"featured_media":0,"parent":0,"menu_order":0,"comment_status":"closed","ping_status":"closed","template":"contact.php","meta":{"_acf_changed":false,"_monsterinsights_skip_tracking":false,"_monsterinsights_sitenote_active":false,"_monsterinsights_sitenote_note":"","_monsterinsights_sitenote_category":0,"footnotes":""},"class_list":["post-11","page","type-page","status-publish","hentry"],"acf":[],"yoast_head":"<!-- This site is optimized with the Yoast SEO plugin v24.3 - https:\/\/yoast.com\/wordpress\/plugins\/seo\/ -->\n<title>Contacto - Impact T2D<\/title>\n<meta name=\"robots\" content=\"index, follow, max-snippet:-1, max-image-preview:large, max-video-preview:-1\" \/>\n<link rel=\"canonical\" href=\"https:\/\/impact-t2d.es\/contacto\/\" \/>\n<meta property=\"og:locale\" content=\"es_ES\" \/>\n<meta property=\"og:type\" content=\"article\" \/>\n<meta property=\"og:title\" content=\"Contacto - Impact T2D\" \/>\n<meta property=\"og:description\" content=\"Bilbao:Hospital Universitario Cruces\/BiobizkaiaSaida Huerga &#8211; ec.diabetes@bio-bizkaia.eus (946006473) Catalu\u00f1a:Hospital Cl\u00ednic de BarcelonaDr. Jes\u00fas Blanco &#8211; endotrials@clinic.cat Hospital de Sant PauAlex Boluda &#8211; aboluda@santpau.cat (673260210) Islas CanariasComplejo Hospitalario Universitario Insular Materno-InfantilYaiza Gil &#8211; ymgil@fciisc.es (928 453431) M\u00e1lagaHospital Regional Universitario de M\u00e1lagaMar\u00eda Fontalba &#8211; impactmalaga1@gmail.com (606 635 579) ValenciaHospital Cl\u00ednico de la Comunidad ValencianaDr. Felipe J. Chaves &#8211; [&hellip;]\" \/>\n<meta property=\"og:url\" content=\"https:\/\/impact-t2d.es\/contacto\/\" \/>\n<meta property=\"og:site_name\" content=\"Impact T2D\" \/>\n<meta property=\"article:modified_time\" content=\"2024-05-02T14:12:53+00:00\" \/>\n<meta name=\"twitter:card\" content=\"summary_large_image\" \/>\n<script type=\"application\/ld+json\" class=\"yoast-schema-graph\">{\"@context\":\"https:\/\/schema.org\",\"@graph\":[{\"@type\":\"WebPage\",\"@id\":\"https:\/\/impact-t2d.es\/contacto\/\",\"url\":\"https:\/\/impact-t2d.es\/contacto\/\",\"name\":\"Contacto - Impact T2D\",\"isPartOf\":{\"@id\":\"https:\/\/impact-t2d.es\/#website\"},\"datePublished\":\"2022-07-17T03:56:25+00:00\",\"dateModified\":\"2024-05-02T14:12:53+00:00\",\"breadcrumb\":{\"@id\":\"https:\/\/impact-t2d.es\/contacto\/#breadcrumb\"},\"inLanguage\":\"es\",\"potentialAction\":[{\"@type\":\"ReadAction\",\"target\":[\"https:\/\/impact-t2d.es\/contacto\/\"]}]},{\"@type\":\"BreadcrumbList\",\"@id\":\"https:\/\/impact-t2d.es\/contacto\/#breadcrumb\",\"itemListElement\":[{\"@type\":\"ListItem\",\"position\":1,\"name\":\"Home\",\"item\":\"https:\/\/impact-t2d.es\/home\/\"},{\"@type\":\"ListItem\",\"position\":2,\"name\":\"Contacto\"}]},{\"@type\":\"WebSite\",\"@id\":\"https:\/\/impact-t2d.es\/#website\",\"url\":\"https:\/\/impact-t2d.es\/\",\"name\":\"Impact T2D\",\"description\":\"\",\"potentialAction\":[{\"@type\":\"SearchAction\",\"target\":{\"@type\":\"EntryPoint\",\"urlTemplate\":\"https:\/\/impact-t2d.es\/?s={search_term_string}\"},\"query-input\":{\"@type\":\"PropertyValueSpecification\",\"valueRequired\":true,\"valueName\":\"search_term_string\"}}],\"inLanguage\":\"es\"}]}<\/script>\n<!-- \/ Yoast SEO plugin. -->","yoast_head_json":{"title":"Contacto - Impact T2D","robots":{"index":"index","follow":"follow","max-snippet":"max-snippet:-1","max-image-preview":"max-image-preview:large","max-video-preview":"max-video-preview:-1"},"canonical":"https:\/\/impact-t2d.es\/contacto\/","og_locale":"es_ES","og_type":"article","og_title":"Contacto - Impact T2D","og_description":"Bilbao:Hospital Universitario Cruces\/BiobizkaiaSaida Huerga &#8211; ec.diabetes@bio-bizkaia.eus (946006473) Catalu\u00f1a:Hospital Cl\u00ednic de BarcelonaDr. Jes\u00fas Blanco &#8211; endotrials@clinic.cat Hospital de Sant PauAlex Boluda &#8211; aboluda@santpau.cat (673260210) Islas CanariasComplejo Hospitalario Universitario Insular Materno-InfantilYaiza Gil &#8211; ymgil@fciisc.es (928 453431) M\u00e1lagaHospital Regional Universitario de M\u00e1lagaMar\u00eda Fontalba &#8211; impactmalaga1@gmail.com (606 635 579) ValenciaHospital Cl\u00ednico de la Comunidad ValencianaDr. Felipe J. Chaves &#8211; [&hellip;]","og_url":"https:\/\/impact-t2d.es\/contacto\/","og_site_name":"Impact T2D","article_modified_time":"2024-05-02T14:12:53+00:00","twitter_card":"summary_large_image","schema":{"@context":"https:\/\/schema.org","@graph":[{"@type":"WebPage","@id":"https:\/\/impact-t2d.es\/contacto\/","url":"https:\/\/impact-t2d.es\/contacto\/","name":"Contacto - Impact T2D","isPartOf":{"@id":"https:\/\/impact-t2d.es\/#website"},"datePublished":"2022-07-17T03:56:25+00:00","dateModified":"2024-05-02T14:12:53+00:00","breadcrumb":{"@id":"https:\/\/impact-t2d.es\/contacto\/#breadcrumb"},"inLanguage":"es","potentialAction":[{"@type":"ReadAction","target":["https:\/\/impact-t2d.es\/contacto\/"]}]},{"@type":"BreadcrumbList","@id":"https:\/\/impact-t2d.es\/contacto\/#breadcrumb","itemListElement":[{"@type":"ListItem","position":1,"name":"Home","item":"https:\/\/impact-t2d.es\/home\/"},{"@type":"ListItem","position":2,"name":"Contacto"}]},{"@type":"WebSite","@id":"https:\/\/impact-t2d.es\/#website","url":"https:\/\/impact-t2d.es\/","name":"Impact T2D","description":"","potentialAction":[{"@type":"SearchAction","target":{"@type":"EntryPoint","urlTemplate":"https:\/\/impact-t2d.es\/?s={search_term_string}"},"query-input":{"@type":"PropertyValueSpecification","valueRequired":true,"valueName":"search_term_string"}}],"inLanguage":"es"}]}},"_links":{"self":[{"href":"https:\/\/impact-t2d.es\/es\/wp-json\/wp\/v2\/pages\/11","targetHints":{"allow":["GET"]}}],"collection":[{"href":"https:\/\/impact-t2d.es\/es\/wp-json\/wp\/v2\/pages"}],"about":[{"href":"https:\/\/impact-t2d.es\/es\/wp-json\/wp\/v2\/types\/page"}],"author":[{"embeddable":true,"href":"https:\/\/impact-t2d.es\/es\/wp-json\/wp\/v2\/users\/2"}],"replies":[{"embeddable":true,"href":"https:\/\/impact-t2d.es\/es\/wp-json\/wp\/v2\/comments?post=11"}],"version-history":[{"count":0,"href":"https:\/\/impact-t2d.es\/es\/wp-json\/wp\/v2\/pages\/11\/revisions"}],"wp:attachment":[{"href":"https:\/\/impact-t2d.es\/es\/wp-json\/wp\/v2\/media?parent=11"}],"curies":[{"name":"wp","href":"https:\/\/api.w.org\/{rel}","templated":true}]}}