{"id":413,"date":"2024-05-06T09:24:19","date_gmt":"2024-05-06T09:24:19","guid":{"rendered":"https:\/\/impact-t2d.es\/?page_id=413"},"modified":"2025-01-08T23:28:15","modified_gmt":"2025-01-08T23:28:15","slug":"pacientes","status":"publish","type":"page","link":"https:\/\/impact-t2d.es\/es\/pacientes\/","title":{"rendered":"Pacientes"},"content":{"rendered":"\n<p><\/p>\n\n\n\n<h2 class=\"wp-block-heading\"><strong>\u00bfQui\u00e9n puede participar<\/strong>?<\/h2>\n\n\n\n<p class=\"has-medium-font-size\">\u00bfTienes diabetes tipo 2?<\/p>\n\n\n\n<p class=\"has-medium-font-size\">\u00bfTe diagnosticaron antes de los 60 a\u00f1os?<\/p>\n\n\n\n<p class=\"has-medium-font-size\">\u00bfY no ten\u00edas sobrepeso ni obesidad?<\/p>\n\n\n\n<p><\/p>\n\n\n\n<p class=\"has-text-align-center has-medium-font-size\"><strong><mark style=\"background-color:rgba(0, 0, 0, 0)\" class=\"has-inline-color has-black-color\">Si tu respuesta es S\u00cd, \u00a1te estamos buscando!<\/mark><\/strong><\/p>\n\n\n\n<div class=\"wp-block-columns is-layout-flex wp-container-core-columns-is-layout-1 wp-block-columns-is-layout-flex\">\n<div class=\"wp-block-column is-layout-flow wp-block-column-is-layout-flow\"><\/div>\n<\/div>\n\n\n\n<h2 class=\"wp-block-heading\"><strong>\u00bfQu\u00e9 implica participar en IMPaCT T2D?<\/strong><\/h2>\n\n\n\n<p class=\"has-medium-font-size\">Participa en nuestro estudio IMPaCT T2D para colaborar en el diagn\u00f3stico y tratamiento de la diabetes, mejorando la calidad de vida de quienes la padecen.<\/p>\n\n\n\n<p class=\"has-medium-font-size\">Si aceptas participar, se concertar\u00e1 una visita para la realizaci\u00f3n de un cuestionario acerca de su estilo de vida, datos cl\u00ednicos y demogr\u00e1ficos, adem\u00e1s de la toma de muestras de sangre y orina, una exploraci\u00f3n f\u00edsica y mediciones.<\/p>\n\n\n\n<p class=\"has-medium-font-size\"><strong>\u00a1Atenci\u00f3n! <\/strong>Tu participaci\u00f3n es totalmente <strong>voluntaria<\/strong>,&nbsp;<strong>altruista<\/strong>&nbsp;y carece de cualquier retribuci\u00f3n econ\u00f3mica, y te podr\u00e1s retirar en cualquier momento sin tener que dar explicaciones.<\/p>\n\n\n\n<h2 class=\"wp-block-heading has-text-align-center has-large-font-size\">\u00a1ENCUENTRA TU CENTRO DE RECLUTAMIENTO!<\/h2>\n\n\n<div class=\"wp-block-image\">\n<figure class=\"aligncenter size-full\"><img loading=\"lazy\" decoding=\"async\" width=\"1018\" height=\"440\" src=\"https:\/\/impact-t2d.es\/wp-content\/uploads\/2024\/05\/saf_crg_a_comfortable_waiting_room_hospital_with_natural_light__8f9da3f3-1ada-456b-a14c-18c2f0984d7b-edited-e1716461510543.png\" alt=\"\" class=\"wp-image-464\" srcset=\"https:\/\/impact-t2d.es\/wp-content\/uploads\/2024\/05\/saf_crg_a_comfortable_waiting_room_hospital_with_natural_light__8f9da3f3-1ada-456b-a14c-18c2f0984d7b-edited-e1716461510543.png 1018w, https:\/\/impact-t2d.es\/wp-content\/uploads\/2024\/05\/saf_crg_a_comfortable_waiting_room_hospital_with_natural_light__8f9da3f3-1ada-456b-a14c-18c2f0984d7b-edited-e1716461510543-300x130.png 300w, https:\/\/impact-t2d.es\/wp-content\/uploads\/2024\/05\/saf_crg_a_comfortable_waiting_room_hospital_with_natural_light__8f9da3f3-1ada-456b-a14c-18c2f0984d7b-edited-e1716461510543-768x332.png 768w\" sizes=\"auto, (max-width: 1018px) 100vw, 1018px\" \/><\/figure><\/div>\n\n\n<p><strong>Pa\u00eds Vasco<\/strong><br>Centro: Hospital Universitario Cruces (Bilbao)<br>Email: ec.diabetes@bio-bizkaia.eus<br>Tel\u00e9fono: 946006473<\/p>\n\n\n\n<p><strong>Catalu\u00f1a<\/strong><br>Centro: Hospital Cl\u00ednic de Barcelona (Barcelona)<br>Email: endotrials@clinic.cat<br>Tel\u00e9fono: 606 635 579<\/p>\n\n\n\n<p>Centro: Hospital de la Santa Creu i Sant Pau (Barcelona)<br>Email: aboluda@santpau.cat<br>Tel\u00e9fono: 673260210<\/p>\n\n\n\n<p>Centro: Hospital Universitari Arnau de Vilanova (Lleida)<br>Email: <a href=\"mailto:mhernandezg.lleida.ics@gencat.cat\">mhernandezg.lleida.ics@gencat.cat<\/a><br>Tel\u00e9fono: 973705183 (de 9 a 11h)<\/p>\n\n\n\n<p><strong>Islas Canarias<\/strong><br>Centro: Complejo Hospitalario Universitario Insular de Gran Canaria (Las Palmas de Gran Canaria)<br>Email: <a href=\"mailto:ymgil@fciisc.es\">ymgil@fciisc.es<\/a><br>Tel\u00e9fono: 928 453431<\/p>\n\n\n\n<p><strong><strong><strong>Andaluc\u00eda<\/strong><\/strong><\/strong><br>Centro: Hospital Civil (Hospital Regional Universitario de M\u00e1laga (M\u00e1laga)<br>Email: impactmalaga1@gmail.com<br>Tel\u00e9fono: 606 635 579<\/p>\n\n\n\n<p><strong><strong><strong><strong><strong><strong><strong>Comunidad Valenciana<\/strong><\/strong><\/strong><\/strong><\/strong><\/strong><\/strong><br>Centro: Hospital Cl\u00ednico de la Comunidad Valenciana (Valencia)<br>Email: felipe.chaves@uv.es<\/p>\n\n\n\n<p class=\"has-medium-font-size\"><\/p>\n\n\n\n<p class=\"has-medium-font-size\"><\/p>\n\n\n\n<div class=\"wp-block-columns is-layout-flex wp-container-core-columns-is-layout-2 wp-block-columns-is-layout-flex\">\n<div class=\"wp-block-column is-layout-flow wp-block-column-is-layout-flow\"><\/div>\n<\/div>\n","protected":false},"excerpt":{"rendered":"<p>\u00bfQui\u00e9n puede participar? \u00bfTienes diabetes tipo 2? \u00bfTe diagnosticaron antes de los 60 a\u00f1os? \u00bfY no ten\u00edas sobrepeso ni obesidad? Si tu respuesta es S\u00cd, \u00a1te estamos buscando! \u00bfQu\u00e9 implica participar en IMPaCT T2D? Participa en nuestro estudio IMPaCT T2D para colaborar en el diagn\u00f3stico y tratamiento de la diabetes, mejorando la calidad de vida [&hellip;]<\/p>\n","protected":false},"author":2,"featured_media":0,"parent":0,"menu_order":0,"comment_status":"closed","ping_status":"closed","template":"","meta":{"_acf_changed":false,"_monsterinsights_skip_tracking":false,"_monsterinsights_sitenote_active":false,"_monsterinsights_sitenote_note":"","_monsterinsights_sitenote_category":0,"footnotes":""},"class_list":["post-413","page","type-page","status-publish","hentry"],"acf":[],"yoast_head":"<!-- This site is optimized with the Yoast SEO plugin v24.3 - https:\/\/yoast.com\/wordpress\/plugins\/seo\/ -->\n<title>Pacientes - Impact T2D<\/title>\n<meta name=\"robots\" content=\"index, follow, max-snippet:-1, max-image-preview:large, max-video-preview:-1\" \/>\n<link rel=\"canonical\" href=\"https:\/\/impact-t2d.es\/pacientes\/\" \/>\n<meta property=\"og:locale\" content=\"es_ES\" \/>\n<meta property=\"og:type\" content=\"article\" \/>\n<meta property=\"og:title\" content=\"Pacientes - Impact T2D\" \/>\n<meta property=\"og:description\" content=\"\u00bfQui\u00e9n puede participar? \u00bfTienes diabetes tipo 2? \u00bfTe diagnosticaron antes de los 60 a\u00f1os? \u00bfY no ten\u00edas sobrepeso ni obesidad? Si tu respuesta es S\u00cd, \u00a1te estamos buscando! \u00bfQu\u00e9 implica participar en IMPaCT T2D? Participa en nuestro estudio IMPaCT T2D para colaborar en el diagn\u00f3stico y tratamiento de la diabetes, mejorando la calidad de vida [&hellip;]\" \/>\n<meta property=\"og:url\" content=\"https:\/\/impact-t2d.es\/pacientes\/\" \/>\n<meta property=\"og:site_name\" content=\"Impact T2D\" \/>\n<meta property=\"article:modified_time\" content=\"2025-01-08T23:28:15+00:00\" \/>\n<meta property=\"og:image\" content=\"https:\/\/impact-t2d.es\/wp-content\/uploads\/2024\/05\/saf_crg_a_comfortable_waiting_room_hospital_with_natural_light__8f9da3f3-1ada-456b-a14c-18c2f0984d7b-edited-e1716461510543.png\" \/>\n\t<meta property=\"og:image:width\" content=\"1018\" \/>\n\t<meta property=\"og:image:height\" content=\"440\" \/>\n\t<meta property=\"og:image:type\" content=\"image\/png\" \/>\n<meta name=\"twitter:card\" content=\"summary_large_image\" \/>\n<meta name=\"twitter:label1\" content=\"Tiempo de lectura\" \/>\n\t<meta name=\"twitter:data1\" content=\"2 minutos\" \/>\n<script type=\"application\/ld+json\" class=\"yoast-schema-graph\">{\"@context\":\"https:\/\/schema.org\",\"@graph\":[{\"@type\":\"WebPage\",\"@id\":\"https:\/\/impact-t2d.es\/pacientes\/\",\"url\":\"https:\/\/impact-t2d.es\/pacientes\/\",\"name\":\"Pacientes - Impact T2D\",\"isPartOf\":{\"@id\":\"https:\/\/impact-t2d.es\/#website\"},\"primaryImageOfPage\":{\"@id\":\"https:\/\/impact-t2d.es\/pacientes\/#primaryimage\"},\"image\":{\"@id\":\"https:\/\/impact-t2d.es\/pacientes\/#primaryimage\"},\"thumbnailUrl\":\"https:\/\/impact-t2d.es\/wp-content\/uploads\/2024\/05\/saf_crg_a_comfortable_waiting_room_hospital_with_natural_light__8f9da3f3-1ada-456b-a14c-18c2f0984d7b-edited-e1716461510543.png\",\"datePublished\":\"2024-05-06T09:24:19+00:00\",\"dateModified\":\"2025-01-08T23:28:15+00:00\",\"breadcrumb\":{\"@id\":\"https:\/\/impact-t2d.es\/pacientes\/#breadcrumb\"},\"inLanguage\":\"es\",\"potentialAction\":[{\"@type\":\"ReadAction\",\"target\":[\"https:\/\/impact-t2d.es\/pacientes\/\"]}]},{\"@type\":\"ImageObject\",\"inLanguage\":\"es\",\"@id\":\"https:\/\/impact-t2d.es\/pacientes\/#primaryimage\",\"url\":\"https:\/\/impact-t2d.es\/wp-content\/uploads\/2024\/05\/saf_crg_a_comfortable_waiting_room_hospital_with_natural_light__8f9da3f3-1ada-456b-a14c-18c2f0984d7b-edited-e1716461510543.png\",\"contentUrl\":\"https:\/\/impact-t2d.es\/wp-content\/uploads\/2024\/05\/saf_crg_a_comfortable_waiting_room_hospital_with_natural_light__8f9da3f3-1ada-456b-a14c-18c2f0984d7b-edited-e1716461510543.png\"},{\"@type\":\"BreadcrumbList\",\"@id\":\"https:\/\/impact-t2d.es\/pacientes\/#breadcrumb\",\"itemListElement\":[{\"@type\":\"ListItem\",\"position\":1,\"name\":\"Home\",\"item\":\"https:\/\/impact-t2d.es\/home\/\"},{\"@type\":\"ListItem\",\"position\":2,\"name\":\"Pacientes\"}]},{\"@type\":\"WebSite\",\"@id\":\"https:\/\/impact-t2d.es\/#website\",\"url\":\"https:\/\/impact-t2d.es\/\",\"name\":\"Impact T2D\",\"description\":\"\",\"potentialAction\":[{\"@type\":\"SearchAction\",\"target\":{\"@type\":\"EntryPoint\",\"urlTemplate\":\"https:\/\/impact-t2d.es\/?s={search_term_string}\"},\"query-input\":{\"@type\":\"PropertyValueSpecification\",\"valueRequired\":true,\"valueName\":\"search_term_string\"}}],\"inLanguage\":\"es\"}]}<\/script>\n<!-- \/ Yoast SEO plugin. -->","yoast_head_json":{"title":"Pacientes - Impact T2D","robots":{"index":"index","follow":"follow","max-snippet":"max-snippet:-1","max-image-preview":"max-image-preview:large","max-video-preview":"max-video-preview:-1"},"canonical":"https:\/\/impact-t2d.es\/pacientes\/","og_locale":"es_ES","og_type":"article","og_title":"Pacientes - Impact T2D","og_description":"\u00bfQui\u00e9n puede participar? \u00bfTienes diabetes tipo 2? \u00bfTe diagnosticaron antes de los 60 a\u00f1os? \u00bfY no ten\u00edas sobrepeso ni obesidad? Si tu respuesta es S\u00cd, \u00a1te estamos buscando! \u00bfQu\u00e9 implica participar en IMPaCT T2D? Participa en nuestro estudio IMPaCT T2D para colaborar en el diagn\u00f3stico y tratamiento de la diabetes, mejorando la calidad de vida [&hellip;]","og_url":"https:\/\/impact-t2d.es\/pacientes\/","og_site_name":"Impact T2D","article_modified_time":"2025-01-08T23:28:15+00:00","og_image":[{"width":1018,"height":440,"url":"https:\/\/impact-t2d.es\/wp-content\/uploads\/2024\/05\/saf_crg_a_comfortable_waiting_room_hospital_with_natural_light__8f9da3f3-1ada-456b-a14c-18c2f0984d7b-edited-e1716461510543.png","type":"image\/png"}],"twitter_card":"summary_large_image","twitter_misc":{"Tiempo de lectura":"2 minutos"},"schema":{"@context":"https:\/\/schema.org","@graph":[{"@type":"WebPage","@id":"https:\/\/impact-t2d.es\/pacientes\/","url":"https:\/\/impact-t2d.es\/pacientes\/","name":"Pacientes - Impact T2D","isPartOf":{"@id":"https:\/\/impact-t2d.es\/#website"},"primaryImageOfPage":{"@id":"https:\/\/impact-t2d.es\/pacientes\/#primaryimage"},"image":{"@id":"https:\/\/impact-t2d.es\/pacientes\/#primaryimage"},"thumbnailUrl":"https:\/\/impact-t2d.es\/wp-content\/uploads\/2024\/05\/saf_crg_a_comfortable_waiting_room_hospital_with_natural_light__8f9da3f3-1ada-456b-a14c-18c2f0984d7b-edited-e1716461510543.png","datePublished":"2024-05-06T09:24:19+00:00","dateModified":"2025-01-08T23:28:15+00:00","breadcrumb":{"@id":"https:\/\/impact-t2d.es\/pacientes\/#breadcrumb"},"inLanguage":"es","potentialAction":[{"@type":"ReadAction","target":["https:\/\/impact-t2d.es\/pacientes\/"]}]},{"@type":"ImageObject","inLanguage":"es","@id":"https:\/\/impact-t2d.es\/pacientes\/#primaryimage","url":"https:\/\/impact-t2d.es\/wp-content\/uploads\/2024\/05\/saf_crg_a_comfortable_waiting_room_hospital_with_natural_light__8f9da3f3-1ada-456b-a14c-18c2f0984d7b-edited-e1716461510543.png","contentUrl":"https:\/\/impact-t2d.es\/wp-content\/uploads\/2024\/05\/saf_crg_a_comfortable_waiting_room_hospital_with_natural_light__8f9da3f3-1ada-456b-a14c-18c2f0984d7b-edited-e1716461510543.png"},{"@type":"BreadcrumbList","@id":"https:\/\/impact-t2d.es\/pacientes\/#breadcrumb","itemListElement":[{"@type":"ListItem","position":1,"name":"Home","item":"https:\/\/impact-t2d.es\/home\/"},{"@type":"ListItem","position":2,"name":"Pacientes"}]},{"@type":"WebSite","@id":"https:\/\/impact-t2d.es\/#website","url":"https:\/\/impact-t2d.es\/","name":"Impact T2D","description":"","potentialAction":[{"@type":"SearchAction","target":{"@type":"EntryPoint","urlTemplate":"https:\/\/impact-t2d.es\/?s={search_term_string}"},"query-input":{"@type":"PropertyValueSpecification","valueRequired":true,"valueName":"search_term_string"}}],"inLanguage":"es"}]}},"_links":{"self":[{"href":"https:\/\/impact-t2d.es\/es\/wp-json\/wp\/v2\/pages\/413","targetHints":{"allow":["GET"]}}],"collection":[{"href":"https:\/\/impact-t2d.es\/es\/wp-json\/wp\/v2\/pages"}],"about":[{"href":"https:\/\/impact-t2d.es\/es\/wp-json\/wp\/v2\/types\/page"}],"author":[{"embeddable":true,"href":"https:\/\/impact-t2d.es\/es\/wp-json\/wp\/v2\/users\/2"}],"replies":[{"embeddable":true,"href":"https:\/\/impact-t2d.es\/es\/wp-json\/wp\/v2\/comments?post=413"}],"version-history":[{"count":0,"href":"https:\/\/impact-t2d.es\/es\/wp-json\/wp\/v2\/pages\/413\/revisions"}],"wp:attachment":[{"href":"https:\/\/impact-t2d.es\/es\/wp-json\/wp\/v2\/media?parent=413"}],"curies":[{"name":"wp","href":"https:\/\/api.w.org\/{rel}","templated":true}]}}