{"id":729,"date":"2022-08-05T01:18:30","date_gmt":"2022-08-05T01:18:30","guid":{"rendered":"https:\/\/impact-t2d.es\/legal-information\/"},"modified":"2025-01-14T15:13:13","modified_gmt":"2025-01-14T15:13:13","slug":"legal-information","status":"publish","type":"page","link":"https:\/\/impact-t2d.es\/eu\/legal-information\/","title":{"rendered":"Informazio Legala"},"content":{"rendered":"\n<h2 class=\"wp-block-heading\"><strong>Erabilera Baldintzak<\/strong><\/h2>\n\n\n\n<p>Webgune honetara sartzean, erabiltzaile zaren aldetik, bere erabilera-baldintzak onartzen dituzu, eta baldintza hauek datu-babesa, jabetza intelektuala, segurtasun-neurriak eta aplikatu beharreko jurisdikzioari buruzko ohar eta politika legal guztietan ezarrita daude. Hori dela eta, erabiltzaile zaren aldetik, webgunera sartzen zara zure ardurapean, eta zure esku dago arrisku horiek saihesteko neurri egokiak hartzea.<\/p>\n\n\n\n<p>Legez kanpoko edo difamatzailea den edukia duten orrialdeetara edo CRGri edo bere erakunde kolaboratzaileei kalte egiten dieten informazioa eskaintzen duten beste orrialde batzuetara estekak egitea zorrotz debekatuta dago.<\/p>\n\n\n\n<p>CRGk webgune honetako informazioa berrikusi eta eguneratzen du, baina ez du bermatzen informazio hori zuzena denik. Ondorioz, webgune honetan argitaratutako edukian oinarritutako erabakiek eragin ditzaketen kalte edo galerengatik ez du inolako ardura edo erantzukizunik hartzen.<\/p>\n\n\n\n<p><strong>Datu pertsonalen babesa<\/strong><\/p>\n\n\n\n<p>Biltzen ditugun datu pertsonalak Fundaci\u00f3 Centre de Regulaci\u00f3 Gen\u00f2mica (&#8220;CRG&#8221;) erakundeak tratatuko ditu. Harremanetarako datuak honako hauek dira:<\/p>\n\n\n\n<p>Izena: Fundaci\u00f3 Centre de Regulaci\u00f3 Gen\u00f2mica<br>Helbidea: Carrer Doctor Aiguader 88, 5\u00aa solairua, 08003 \u2013 Bartzelona<br>Telefonoa: 933160100<br>Emaila: <a href=\"mailto:comunicacio@crg.eu\">comunicacio@crg.eu<\/a><br>Datuen Babeserako Arduraduna: Yann Dublanche \/ <a href=\"mailto:dpo@crg.eu\">dpo@crg.eu<\/a><\/p>\n\n\n\n<p>Aplikatu beharreko datu-babeserako legeria betebehar batzuk ezartzen ditu eta, era berean, pertsonen eskubideak arautzen ditu datu pertsonalen babesari dagokionez. Webgune honen erabiltzaile zaren aldetik, ohar hau eta bertan dauden ohar legal guztiak arretaz irakurtzea gomendatzen dizugu eskubide horiek behar bezala ulertzeko eta, hala badagokio, erabiltzeko.<\/p>\n\n\n\n<p>CRGk ohar hau aldatzeko eskubidea gordetzen du, legeriaren edo jurisprudentziaren aldaketetara eta sektoreko garapenen eta praktiketara egokitzeko. Kasu horietan bi aldiz ohartaraziko da: datu-babeserako politikaren aldaketak webgune honetan noiz sartuko diren eta noiz izango diren guztiz aplikagarriak.<\/p>\n\n\n\n<p>Datu pertsonalak identifikatutako edo identifikatu daitezkeen pertsonen inguruko edozein informaziotzat hartzen dira. CRGk eskuratu ahal izango dituen datu pertsonalak erabiltzaileek eurek emandakoak izango dira, eta horien lagapena behar bezala jakinarazi zaie. Erabiltzaileek kontuan hartu behar dute informazio jakin bat eman behar dutela CRGk eskatutako zerbitzua eman ahal izateko eta\/edo bere jarduera nagusi edo osagarriak burutzeko.<\/p>\n\n\n\n<p>Erabiltzaile zaren aldetik, CRGri ematen dizkiozun datu pertsonalak zehatzak direla bermatzen duzu, eta haien aldaketaren berri emateko konpromisoa hartzen duzu.<\/p>\n\n\n\n<p>Datu pertsonalak biltzearen eta tratatzearen helburua da ezarritako harremana mantentzea, zure esku utzi dituzun zerbitzuak eta jarduerak kudeatzea, administratzea, zabaltzea eta hobetzea, eta, hala onartzen baduzu, CRGren zerbitzu eta jarduerei buruzko informazioa bidaltzea. Ondorioz, tratamenduaren oinarri juridikoa kontratatutako zerbitzuaren edo jardueraren hornikuntza da, eta cookie eta komunikazio komertzialen kasuan, zure baimena.<\/p>\n\n\n\n<p>Datu pertsonalak beharrezkoa, erabilgarria eta esanguratsua den bitartean bakarrik tratatuko dira. Harremana amaitu ondoren, datuak aplikatu beharreko betebehar legalak betetzeko behar den denboran gordeko dira. Horietara soilik izango dute sarbidea legez derrigortuta dagoen hirugarrenek eta enpresa kudeaketa barneko zerbitzuak eman dituztenek, bereziki, IT zerbitzuak, auditoretza, prestakuntza-zerbitzuak edo ekitaldien antolaketa.<\/p>\n\n\n\n<p>Era berean, indarrean dagoen araudiak ezarritako baldintzetan, honako eskubide hauek gauzatu ahal izango dira: datuetara iristeko, datuak zuzentzeko edo ezabatzeko eskubideak, baita datu pertsonalen tratamendua mugatzeko eskatzeko eskubidea, aurka egiteko eskubidea edo zure datuen eramangarritasuna eskatzeko eskubidea ere. Helbide honetara komunikazio bat bidaliz edo elektronikoki <a href=\"mailto:dpo@crg.eu\">dpo@crg.eu<\/a> helbidera eginez gauzatu ahal izango dira eskubide horiek.<\/p>\n\n\n\n<p><strong>Interneteko segurtasuna<\/strong><\/p>\n\n\n\n<p>CRGk segurtasun-sistemak erabiltzen ditu, webgunearen benetakotasuna eta datu pertsonalen transmisioaren osotasuna eta konfidentzialtasuna bermatzeko.<\/p>\n\n\n\n<p>Hala ere, erabiltzaile zaren aldetik jakitun izan behar duzu Interneteko segurtasun-neurriak ez direla erabat menderaezinak. Hortaz, CRGk ez du erantzukizunik hartzen erabiltzaile zaren aldetik segurtasun-neurri egokiak ez erabiltzeagatik edo arduragabekeria batengatik. Erabiltzaile guztiei arreta handiz jokatzea eta segurtasun-mekanismo guztiak erabiltzea gomendatzen diegu.<\/p>\n","protected":false},"excerpt":{"rendered":"<p>Erabilera Baldintzak Webgune honetara sartzean, erabiltzaile zaren aldetik, bere erabilera-baldintzak onartzen dituzu, eta baldintza hauek datu-babesa, jabetza intelektuala, segurtasun-neurriak eta aplikatu beharreko jurisdikzioari buruzko ohar eta politika legal guztietan ezarrita daude. Hori dela eta, erabiltzaile zaren aldetik, webgunera sartzen zara zure ardurapean, eta zure esku dago arrisku horiek saihesteko neurri egokiak hartzea. Legez kanpoko edo [&hellip;]<\/p>\n","protected":false},"author":2,"featured_media":0,"parent":0,"menu_order":0,"comment_status":"closed","ping_status":"closed","template":"","meta":{"_acf_changed":false,"_monsterinsights_skip_tracking":false,"_monsterinsights_sitenote_active":false,"_monsterinsights_sitenote_note":"","_monsterinsights_sitenote_category":0,"footnotes":""},"class_list":["post-729","page","type-page","status-publish","hentry"],"acf":[],"yoast_head":"<!-- This site is optimized with the Yoast SEO plugin v24.3 - https:\/\/yoast.com\/wordpress\/plugins\/seo\/ -->\n<title>Informazio Legala - Impact T2D<\/title>\n<meta name=\"robots\" content=\"index, follow, max-snippet:-1, max-image-preview:large, max-video-preview:-1\" \/>\n<link rel=\"canonical\" href=\"https:\/\/impact-t2d.es\/eu\/legal-information\/\" \/>\n<meta property=\"og:locale\" content=\"eu_ES\" \/>\n<meta property=\"og:type\" content=\"article\" \/>\n<meta property=\"og:title\" content=\"Informazio Legala - Impact T2D\" \/>\n<meta property=\"og:description\" content=\"Erabilera Baldintzak Webgune honetara sartzean, erabiltzaile zaren aldetik, bere erabilera-baldintzak onartzen dituzu, eta baldintza hauek datu-babesa, jabetza intelektuala, segurtasun-neurriak eta aplikatu beharreko jurisdikzioari buruzko ohar eta politika legal guztietan ezarrita daude. Hori dela eta, erabiltzaile zaren aldetik, webgunera sartzen zara zure ardurapean, eta zure esku dago arrisku horiek saihesteko neurri egokiak hartzea. Legez kanpoko edo [&hellip;]\" \/>\n<meta property=\"og:url\" content=\"https:\/\/impact-t2d.es\/eu\/legal-information\/\" \/>\n<meta property=\"og:site_name\" content=\"Impact T2D\" \/>\n<meta property=\"article:modified_time\" content=\"2025-01-14T15:13:13+00:00\" \/>\n<meta name=\"twitter:card\" content=\"summary_large_image\" \/>\n<meta name=\"twitter:label1\" content=\"Est. reading time\" \/>\n\t<meta name=\"twitter:data1\" content=\"3 minutes\" \/>\n<script type=\"application\/ld+json\" class=\"yoast-schema-graph\">{\"@context\":\"https:\/\/schema.org\",\"@graph\":[{\"@type\":\"WebPage\",\"@id\":\"https:\/\/impact-t2d.es\/eu\/legal-information\/\",\"url\":\"https:\/\/impact-t2d.es\/eu\/legal-information\/\",\"name\":\"Informazio Legala - Impact T2D\",\"isPartOf\":{\"@id\":\"https:\/\/impact-t2d.es\/#website\"},\"datePublished\":\"2022-08-05T01:18:30+00:00\",\"dateModified\":\"2025-01-14T15:13:13+00:00\",\"breadcrumb\":{\"@id\":\"https:\/\/impact-t2d.es\/eu\/legal-information\/#breadcrumb\"},\"inLanguage\":\"eu-ES\",\"potentialAction\":[{\"@type\":\"ReadAction\",\"target\":[\"https:\/\/impact-t2d.es\/eu\/legal-information\/\"]}]},{\"@type\":\"BreadcrumbList\",\"@id\":\"https:\/\/impact-t2d.es\/eu\/legal-information\/#breadcrumb\",\"itemListElement\":[{\"@type\":\"ListItem\",\"position\":1,\"name\":\"Home\",\"item\":\"https:\/\/impact-t2d.es\/eu\/\"},{\"@type\":\"ListItem\",\"position\":2,\"name\":\"Informazio Legala\"}]},{\"@type\":\"WebSite\",\"@id\":\"https:\/\/impact-t2d.es\/#website\",\"url\":\"https:\/\/impact-t2d.es\/\",\"name\":\"Impact T2D\",\"description\":\"\",\"potentialAction\":[{\"@type\":\"SearchAction\",\"target\":{\"@type\":\"EntryPoint\",\"urlTemplate\":\"https:\/\/impact-t2d.es\/?s={search_term_string}\"},\"query-input\":{\"@type\":\"PropertyValueSpecification\",\"valueRequired\":true,\"valueName\":\"search_term_string\"}}],\"inLanguage\":\"eu-ES\"}]}<\/script>\n<!-- \/ Yoast SEO plugin. -->","yoast_head_json":{"title":"Informazio Legala - Impact T2D","robots":{"index":"index","follow":"follow","max-snippet":"max-snippet:-1","max-image-preview":"max-image-preview:large","max-video-preview":"max-video-preview:-1"},"canonical":"https:\/\/impact-t2d.es\/eu\/legal-information\/","og_locale":"eu_ES","og_type":"article","og_title":"Informazio Legala - Impact T2D","og_description":"Erabilera Baldintzak Webgune honetara sartzean, erabiltzaile zaren aldetik, bere erabilera-baldintzak onartzen dituzu, eta baldintza hauek datu-babesa, jabetza intelektuala, segurtasun-neurriak eta aplikatu beharreko jurisdikzioari buruzko ohar eta politika legal guztietan ezarrita daude. Hori dela eta, erabiltzaile zaren aldetik, webgunera sartzen zara zure ardurapean, eta zure esku dago arrisku horiek saihesteko neurri egokiak hartzea. Legez kanpoko edo [&hellip;]","og_url":"https:\/\/impact-t2d.es\/eu\/legal-information\/","og_site_name":"Impact T2D","article_modified_time":"2025-01-14T15:13:13+00:00","twitter_card":"summary_large_image","twitter_misc":{"Est. reading time":"3 minutes"},"schema":{"@context":"https:\/\/schema.org","@graph":[{"@type":"WebPage","@id":"https:\/\/impact-t2d.es\/eu\/legal-information\/","url":"https:\/\/impact-t2d.es\/eu\/legal-information\/","name":"Informazio Legala - Impact T2D","isPartOf":{"@id":"https:\/\/impact-t2d.es\/#website"},"datePublished":"2022-08-05T01:18:30+00:00","dateModified":"2025-01-14T15:13:13+00:00","breadcrumb":{"@id":"https:\/\/impact-t2d.es\/eu\/legal-information\/#breadcrumb"},"inLanguage":"eu-ES","potentialAction":[{"@type":"ReadAction","target":["https:\/\/impact-t2d.es\/eu\/legal-information\/"]}]},{"@type":"BreadcrumbList","@id":"https:\/\/impact-t2d.es\/eu\/legal-information\/#breadcrumb","itemListElement":[{"@type":"ListItem","position":1,"name":"Home","item":"https:\/\/impact-t2d.es\/eu\/"},{"@type":"ListItem","position":2,"name":"Informazio Legala"}]},{"@type":"WebSite","@id":"https:\/\/impact-t2d.es\/#website","url":"https:\/\/impact-t2d.es\/","name":"Impact T2D","description":"","potentialAction":[{"@type":"SearchAction","target":{"@type":"EntryPoint","urlTemplate":"https:\/\/impact-t2d.es\/?s={search_term_string}"},"query-input":{"@type":"PropertyValueSpecification","valueRequired":true,"valueName":"search_term_string"}}],"inLanguage":"eu-ES"}]}},"_links":{"self":[{"href":"https:\/\/impact-t2d.es\/eu\/wp-json\/wp\/v2\/pages\/729","targetHints":{"allow":["GET"]}}],"collection":[{"href":"https:\/\/impact-t2d.es\/eu\/wp-json\/wp\/v2\/pages"}],"about":[{"href":"https:\/\/impact-t2d.es\/eu\/wp-json\/wp\/v2\/types\/page"}],"author":[{"embeddable":true,"href":"https:\/\/impact-t2d.es\/eu\/wp-json\/wp\/v2\/users\/2"}],"replies":[{"embeddable":true,"href":"https:\/\/impact-t2d.es\/eu\/wp-json\/wp\/v2\/comments?post=729"}],"version-history":[{"count":0,"href":"https:\/\/impact-t2d.es\/eu\/wp-json\/wp\/v2\/pages\/729\/revisions"}],"wp:attachment":[{"href":"https:\/\/impact-t2d.es\/eu\/wp-json\/wp\/v2\/media?parent=729"}],"curies":[{"name":"wp","href":"https:\/\/api.w.org\/{rel}","templated":true}]}}